{"id":982,"date":"2020-11-20T09:52:21","date_gmt":"2020-11-20T09:52:21","guid":{"rendered":"https:\/\/iot-ngin.eu\/?page_id=982"},"modified":"2020-11-20T11:24:04","modified_gmt":"2020-11-20T11:24:04","slug":"trial-5","status":"publish","type":"page","link":"https:\/\/iot-ngin.eu\/index.php\/trial-5\/","title":{"rendered":"Trial #5"},"content":{"rendered":"<p>[vc_row][vc_column][vc_custom_heading text=&#8221;Industry 4.0 Living Lab #2&#8243; font_container=&#8221;tag:h1|font_size:38|text_align:center|color:%2300a0fe&#8221; google_fonts=&#8221;font_family:Montserrat%3Aregular%2C700|font_style:400%20regular%3A400%3Anormal&#8221;][vc_empty_space][vc_empty_space][\/vc_column][\/vc_row][vc_row][vc_column width=&#8221;1\/2&#8243;][vc_column_text el_class=&#8221;text&#8221;]The second Industry 4.0 Living lab will validate the IoT-NGIN federation framework in real-life applications implemented ABB facilities (Trial#5) in Pit\u00e4j\u00e4nm\u00e4ki, Helsinki.<\/p>\n<p>In Pit\u00e4j\u00e4nm\u00e4ki (Helsinki), ABB manufactures electrical accessories and electrical equipment. As there are thousands of product variations, manufacturing is highly automated utilizing robotics and assembly automation. Private 5G network in high-power AC-laboratory is used to connect powertrains signals with high bandwidth and low latency and to connect sensors to edge servers enabling digital twins. This technological testbed enables advanced proactive diagnostics and optimisation of energy efficiency and productivity and will be used for customer use case demonstrations.[\/vc_column_text][\/vc_column][vc_column width=&#8221;1\/2&#8243;][vc_single_image image=&#8221;986&#8243; img_size=&#8221;full&#8221; alignment=&#8221;center&#8221;][\/vc_column][\/vc_row][vc_row][vc_column width=&#8221;1\/2&#8243;][vc_empty_space][\/vc_column][\/vc_row][vc_row][vc_column][vc_custom_heading text=&#8221;Use case Applications&#8221; font_container=&#8221;tag:h2|text_align:left|color:%2300a0fe&#8221; google_fonts=&#8221;font_family:Montserrat%3Aregular%2C700|font_style:400%20regular%3A400%3Anormal&#8221;][vc_column_text el_class=&#8221;list text&#8221;]<\/p>\n<ul>\n<li>Human-centred safety in a self-aware indoor factory environment. IoT-NGIN will provide a high-precision IoT localization layer merging real-time localizations obtained from Ultra-Wide Band (UWB) sensors and a solution providing Visible Light Positioning (VLP). In addition, safety cameras will be deployed to monitor areas with reduced visibility. A high-speed and ultra-low latency wireless access network, which supports quick notifications and massive data uploads, will be also deployed based on a combination of 5GNR technology, using private spectrum at 3.5 GHz, and high-speed Wi-Fi using unlicensed spectrum at 5 GHz. The data from the sensors provide a full description of the environment and how it is changing. It allows to model moving objects and skeletonize human bodies to detect the position of each body part and build a &#8220;safety shell&#8221; around it to ensure human-centred safety.<br \/>\nIn ABB facilities, the data will be used to monitor sub-assembly location and movement, and to optimize production workflow.<\/li>\n<li>Human-centred Augmented Reality assisted build-to-order assembly. Based on contextual-IoT intelligence, high-precision IoT localization, RFID sensors and camera analysis, IoT-NGIN will be able to recognize the components and the stage of the assembly process using local ML trained models and provide assistance and guided instructions, displaying the procedure and next stage of the customizable manufacturing, either using AR classes, mobile devices or small industrial screens. In ABB facilities, the system will be used for employee training.<\/li>\n<\/ul>\n<p>[\/vc_column_text][\/vc_column][\/vc_row][vc_row][vc_column][vc_custom_heading text=&#8221;IoT-NGIN as Differentiator&#8221; font_container=&#8221;tag:h2|text_align:left|color:%2300a0fe&#8221; google_fonts=&#8221;font_family:Montserrat%3Aregular%2C700|font_style:400%20regular%3A400%3Anormal&#8221;][vc_column_text el_class=&#8221;list text&#8221;]<\/p>\n<ul>\n<li>Combine edge (remote) and semi-autonomous (local) federated ML decision on constrained resources, enabling safe operation and build-to-order assembly even in case of network error, loss of connectivity or weak coverage<\/li>\n<li>Monitoring employees\u2019 body positions and stress levels to ensure workplace safety through federated ML<\/li>\n<li>High-Accuracy Indoor Positioning (HAIP) deployment enables production optimization<\/li>\n<li>Digital powertrain optimization (production, process, asset and energy) in brown field factories<\/li>\n<\/ul>\n<p>[\/vc_column_text][\/vc_column][\/vc_row]<\/p>\n","protected":false},"excerpt":{"rendered":"<p>[vc_row][vc_column][vc_custom_heading text=&#8221;Industry 4.0 Living Lab #2&#8243; font_container=&#8221;tag:h1|font_size:38|text_align:center|color:%2300a0fe&#8221; google_fonts=&#8221;font_family:Montserrat%3Aregular%2C700|font_style:400%20regular%3A400%3Anormal&#8221;][vc_empty_space][vc_empty_space][\/vc_column][\/vc_row][vc_row][vc_column width=&#8221;1\/2&#8243;][vc_column_text el_class=&#8221;text&#8221;]The second Industry 4.0 Living lab will validate the IoT-NGIN federation framework in real-life applications implemented ABB facilities (Trial#5) in Pit\u00e4j\u00e4nm\u00e4ki, Helsinki. In Pit\u00e4j\u00e4nm\u00e4ki (Helsinki), ABB manufactures electrical accessories and electrical &hellip;<\/p>\n","protected":false},"author":1,"featured_media":0,"parent":0,"menu_order":0,"comment_status":"closed","ping_status":"closed","template":"","meta":{"_mi_skip_tracking":false,"footnotes":""},"yoast_head":"<!-- This site is optimized with the Yoast SEO plugin v17.6 - https:\/\/yoast.com\/wordpress\/plugins\/seo\/ -->\n<title>Trial #5 - IOT NGIN<\/title>\n<meta name=\"robots\" content=\"index, follow, max-snippet:-1, max-image-preview:large, max-video-preview:-1\" \/>\n<link rel=\"canonical\" href=\"https:\/\/iot-ngin.eu\/index.php\/trial-5\/\" \/>\n<meta property=\"og:locale\" content=\"en_US\" \/>\n<meta property=\"og:type\" content=\"article\" \/>\n<meta property=\"og:title\" content=\"Trial #5 - IOT NGIN\" \/>\n<meta property=\"og:description\" content=\"[vc_row][vc_column][vc_custom_heading text=&#8221;Industry 4.0 Living Lab #2&#8243; font_container=&#8221;tag:h1|font_size:38|text_align:center|color:%2300a0fe&#8221; google_fonts=&#8221;font_family:Montserrat%3Aregular%2C700|font_style:400%20regular%3A400%3Anormal&#8221;][vc_empty_space][vc_empty_space][\/vc_column][\/vc_row][vc_row][vc_column width=&#8221;1\/2&#8243;][vc_column_text el_class=&#8221;text&#8221;]The second Industry 4.0 Living lab will validate the IoT-NGIN federation framework in real-life applications implemented ABB facilities (Trial#5) in Pit\u00e4j\u00e4nm\u00e4ki, Helsinki. In Pit\u00e4j\u00e4nm\u00e4ki (Helsinki), ABB manufactures electrical accessories and electrical &hellip;\" \/>\n<meta property=\"og:url\" content=\"https:\/\/iot-ngin.eu\/index.php\/trial-5\/\" \/>\n<meta property=\"og:site_name\" content=\"IOT NGIN\" \/>\n<meta property=\"article:modified_time\" content=\"2020-11-20T11:24:04+00:00\" \/>\n<meta name=\"twitter:card\" content=\"summary_large_image\" \/>\n<meta name=\"twitter:label1\" content=\"Est. reading time\" \/>\n\t<meta name=\"twitter:data1\" content=\"3 minutes\" \/>\n<script type=\"application\/ld+json\" class=\"yoast-schema-graph\">{\"@context\":\"https:\/\/schema.org\",\"@graph\":[{\"@type\":\"WebSite\",\"@id\":\"https:\/\/iot-ngin.eu\/#website\",\"url\":\"https:\/\/iot-ngin.eu\/\",\"name\":\"IOT NGIN\",\"description\":\"\",\"potentialAction\":[{\"@type\":\"SearchAction\",\"target\":{\"@type\":\"EntryPoint\",\"urlTemplate\":\"https:\/\/iot-ngin.eu\/?s={search_term_string}\"},\"query-input\":\"required name=search_term_string\"}],\"inLanguage\":\"en-US\"},{\"@type\":\"WebPage\",\"@id\":\"https:\/\/iot-ngin.eu\/index.php\/trial-5\/#webpage\",\"url\":\"https:\/\/iot-ngin.eu\/index.php\/trial-5\/\",\"name\":\"Trial #5 - IOT NGIN\",\"isPartOf\":{\"@id\":\"https:\/\/iot-ngin.eu\/#website\"},\"datePublished\":\"2020-11-20T09:52:21+00:00\",\"dateModified\":\"2020-11-20T11:24:04+00:00\",\"breadcrumb\":{\"@id\":\"https:\/\/iot-ngin.eu\/index.php\/trial-5\/#breadcrumb\"},\"inLanguage\":\"en-US\",\"potentialAction\":[{\"@type\":\"ReadAction\",\"target\":[\"https:\/\/iot-ngin.eu\/index.php\/trial-5\/\"]}]},{\"@type\":\"BreadcrumbList\",\"@id\":\"https:\/\/iot-ngin.eu\/index.php\/trial-5\/#breadcrumb\",\"itemListElement\":[{\"@type\":\"ListItem\",\"position\":1,\"name\":\"Home\",\"item\":\"https:\/\/iot-ngin.eu\/\"},{\"@type\":\"ListItem\",\"position\":2,\"name\":\"Trial #5\"}]}]}<\/script>\n<!-- \/ Yoast SEO plugin. -->","yoast_head_json":{"title":"Trial #5 - IOT NGIN","robots":{"index":"index","follow":"follow","max-snippet":"max-snippet:-1","max-image-preview":"max-image-preview:large","max-video-preview":"max-video-preview:-1"},"canonical":"https:\/\/iot-ngin.eu\/index.php\/trial-5\/","og_locale":"en_US","og_type":"article","og_title":"Trial #5 - IOT NGIN","og_description":"[vc_row][vc_column][vc_custom_heading text=&#8221;Industry 4.0 Living Lab #2&#8243; font_container=&#8221;tag:h1|font_size:38|text_align:center|color:%2300a0fe&#8221; google_fonts=&#8221;font_family:Montserrat%3Aregular%2C700|font_style:400%20regular%3A400%3Anormal&#8221;][vc_empty_space][vc_empty_space][\/vc_column][\/vc_row][vc_row][vc_column width=&#8221;1\/2&#8243;][vc_column_text el_class=&#8221;text&#8221;]The second Industry 4.0 Living lab will validate the IoT-NGIN federation framework in real-life applications implemented ABB facilities (Trial#5) in Pit\u00e4j\u00e4nm\u00e4ki, Helsinki. In Pit\u00e4j\u00e4nm\u00e4ki (Helsinki), ABB manufactures electrical accessories and electrical &hellip;","og_url":"https:\/\/iot-ngin.eu\/index.php\/trial-5\/","og_site_name":"IOT NGIN","article_modified_time":"2020-11-20T11:24:04+00:00","twitter_card":"summary_large_image","twitter_misc":{"Est. reading time":"3 minutes"},"schema":{"@context":"https:\/\/schema.org","@graph":[{"@type":"WebSite","@id":"https:\/\/iot-ngin.eu\/#website","url":"https:\/\/iot-ngin.eu\/","name":"IOT NGIN","description":"","potentialAction":[{"@type":"SearchAction","target":{"@type":"EntryPoint","urlTemplate":"https:\/\/iot-ngin.eu\/?s={search_term_string}"},"query-input":"required name=search_term_string"}],"inLanguage":"en-US"},{"@type":"WebPage","@id":"https:\/\/iot-ngin.eu\/index.php\/trial-5\/#webpage","url":"https:\/\/iot-ngin.eu\/index.php\/trial-5\/","name":"Trial #5 - IOT NGIN","isPartOf":{"@id":"https:\/\/iot-ngin.eu\/#website"},"datePublished":"2020-11-20T09:52:21+00:00","dateModified":"2020-11-20T11:24:04+00:00","breadcrumb":{"@id":"https:\/\/iot-ngin.eu\/index.php\/trial-5\/#breadcrumb"},"inLanguage":"en-US","potentialAction":[{"@type":"ReadAction","target":["https:\/\/iot-ngin.eu\/index.php\/trial-5\/"]}]},{"@type":"BreadcrumbList","@id":"https:\/\/iot-ngin.eu\/index.php\/trial-5\/#breadcrumb","itemListElement":[{"@type":"ListItem","position":1,"name":"Home","item":"https:\/\/iot-ngin.eu\/"},{"@type":"ListItem","position":2,"name":"Trial #5"}]}]}},"_links":{"self":[{"href":"https:\/\/iot-ngin.eu\/index.php\/wp-json\/wp\/v2\/pages\/982"}],"collection":[{"href":"https:\/\/iot-ngin.eu\/index.php\/wp-json\/wp\/v2\/pages"}],"about":[{"href":"https:\/\/iot-ngin.eu\/index.php\/wp-json\/wp\/v2\/types\/page"}],"author":[{"embeddable":true,"href":"https:\/\/iot-ngin.eu\/index.php\/wp-json\/wp\/v2\/users\/1"}],"replies":[{"embeddable":true,"href":"https:\/\/iot-ngin.eu\/index.php\/wp-json\/wp\/v2\/comments?post=982"}],"version-history":[{"count":13,"href":"https:\/\/iot-ngin.eu\/index.php\/wp-json\/wp\/v2\/pages\/982\/revisions"}],"predecessor-version":[{"id":1018,"href":"https:\/\/iot-ngin.eu\/index.php\/wp-json\/wp\/v2\/pages\/982\/revisions\/1018"}],"wp:attachment":[{"href":"https:\/\/iot-ngin.eu\/index.php\/wp-json\/wp\/v2\/media?parent=982"}],"curies":[{"name":"wp","href":"https:\/\/api.w.org\/{rel}","templated":true}]}}